{"id":3331,"date":"2020-04-15T07:13:11","date_gmt":"2020-04-15T07:13:11","guid":{"rendered":"https:\/\/ecoplastic3d.com\/bio\/empresa\/"},"modified":"2023-05-18T14:44:34","modified_gmt":"2023-05-18T14:44:34","slug":"empresa","status":"publish","type":"page","link":"https:\/\/ecoplastic3d.com\/pt-pt\/empresa\/","title":{"rendered":"EMPRESA"},"content":{"rendered":"<div id=\"pl-gb3331-69e3799b1f6a6\"  class=\"panel-layout\" ><div id=\"pg-gb3331-69e3799b1f6a6-0\"  class=\"panel-grid panel-no-style\" ><div id=\"pgc-gb3331-69e3799b1f6a6-0-0\"  class=\"panel-grid-cell\" ><div id=\"panel-gb3331-69e3799b1f6a6-0-0-0\" class=\"widget_text so-panel widget widget_custom_html panel-first-child panel-last-child\" data-index=\"0\" ><div class=\"textwidget custom-html-widget\">  <meta name=\"viewport\" content=\"width=device-width, initial-scale=1\">\n  <link rel=\"stylesheet\" href=\"https:\/\/maxcdn.bootstrapcdn.com\/bootstrap\/4.4.1\/css\/bootstrap.min.css\">\n\n  \n  <style>\n  body {\n  \tbackground: blue;\n  }\n\t\t\n.listado_politica {\n    padding: 10px;\n    \/*background-color: rgba(255,255,255,0.4);*\/\n    color: #000;\n}\n\n\n\n  .img-responsive-m {\n  \tmax-width: 250px;\n\t\ttext-align: center !important;\n  }\n  \n  .cert {\n  \t    padding-top: 20px;\n\t\t\t\ttext-align: center !important;\n  }\n  \n  .padd-10 {\n  \tpadding:10px;\n  }\n  \n  .img-resp-emp {\n  \twidth: 100%;\n  }\n .card {\n \tborder-style: hidden;\n      background-color: trasparent;\n      box-shadow: none;\n }\n \n  @media only screen and (max-width: 1300px) {\n   .img-resp-emp {\n  \twidth: 280px;\n  }\n}\n\n\n  @media only screen and (max-width: 900px) {\n   .img-resp-emp {\n  \twidth: 200px;\n  }\n}\n \n  @media only screen and (max-width: 600px) {\n   .img-responsive-m {\n  \twidth: 180px;\n\t\tpadding-top: 15px;\n  }\n\t .cert {\n  \tpadding: 0px;\n\t}\n}\n\n @media only screen and (max-width: 700px) {\n   .img-resp-emp {\n  \twidth: 180px;\n  }\n}\n\n  .sub-titulo{\n  \ttext-align:center;\n    text-transform: uppercase;\n  }\n  \n  \n  \n  <\/style>\n  \n  <div class=\"card-group\">\n    <div class=\"card\">\n      <div class=\"card-body text-center\">\n\t\t<img decoding=\"async\" class=\"img-responsive\" src=\"https:\/\/ecoplastic3d.com\/antigua\/img\/despa.jpg\">\n      <\/div>\n    <\/div>\n\n    <div class=\"card\">\n      <div class=\"card-body text-center\">\n\t\t\t\t<p class=\"text-justify\"> Ecoplastic Design sl. nasceu em 1959 no cora\u00e7\u00e3o de uma fam\u00edlia empreendedora, com o esp\u00edrito de dar o melhor servi\u00e7o e os produtos da mais alta qualidade.<\/p>\n\t\t\t\t<p class=\"text-justify\"> Como uma empresa familiar, adaptamo-nos a cada um dos nossos clientes. <\/p>\n\t\t\t\t<p class=\"text-justify\">Os nossos artigos s\u00e3o fabricados sob a lupa de qualidade da ISO 9001, a monitoriza\u00e7\u00e3o ambiental da ISO 14001 e o controlo da Pegada de Carbono com a ISO 14064.<\/p>\n\t\t\t\t<p class=\"text-justify\">Com experi\u00eancia no respeito pelo ambiente, temos vindo a utilizar materiais BIOCOMPOST\u00c1VEIS desde 2010. E utilizamos energia proveniente de fontes renov\u00e1veis no nosso fabrico.<\/p>\n\t\t\t  <p class=\"text-justify\">Aconselhamos e oferecemos projectos completos &#8220;chave na m\u00e3o&#8221;.<\/p>\n      <\/div>\n    <\/div>  \n  <\/div>\n  \n<br><br>\n  \n <div>\n  <div class=\"certificados\">\n  \t<div class=\"sub-titulo\">\n    \t<h3>CERTIFICADOS<\/h3>\n    <\/div>\n\t\t<br><br>\n    <!-- Certificados -->\n    <div class=\"row cert\">\n      <div class=\"col-sm-4\">\n      <img decoding=\"async\" class=\"img-responsive-m\" src=\"https:\/\/ecoplastic3d.com\/wp-content\/uploads\/2020\/04\/Logo_iso14001.jpg\"\/>\n      <\/div>\n\t\t\t<div class=\"col-sm-4\" >\n      <img decoding=\"async\" class=\"img-responsive-m\" src=\"https:\/\/ecoplastic3d.com\/wp-content\/uploads\/2020\/04\/Logo_iso9001.jpg\"\/>\n    <\/div>\n\t\t\t<div class=\"col-sm-4\" >\n        <img decoding=\"async\" class=\"img-responsive-m\" src=\"https:\/\/ecoplastic3d.com\/wp-content\/uploads\/2020\/04\/img20161110_11450177.jpg\"\/>\n        <\/div>\n\t\t<\/div>\n    <div class=\"row cert\">\n      <div class=\"col-sm-4\" >\n      <img decoding=\"async\" style=\"max-width: 165px;\" class=\"img-responsive-m\" src=\"https:\/\/ecoplastic3d.com\/wp-content\/uploads\/2020\/04\/Logo_iso14064.jpg\"\/>\n      <\/div>\n      <div class=\"col-sm-4\" >\n      <img decoding=\"async\" class=\"img-responsive-m\" src=\"https:\/\/ecoplastic3d.com\/wp-content\/uploads\/2020\/04\/Logo_petjada_carboni.jpg\"\/>\n\t\t\t<\/div>\n\t\t\t<div class=\"col-sm-4\" >\n      <img decoding=\"async\" class=\"img-responsive-m\" src=\"https:\/\/ecoplastic3d.com\/wp-content\/uploads\/2020\/04\/img20161110_11434551.jpg\"\/>\n      <\/div>\n    <\/div>\n\t\t<\/div>\n<\/div><\/div><\/div><\/div><\/div><\/div>\n\n\n<div class=\"wp-block-columns is-layout-flex wp-container-core-columns-is-layout-9d6595d7 wp-block-columns-is-layout-flex\">\n<div class=\"wp-block-column is-layout-flow wp-block-column-is-layout-flow\" style=\"flex-basis:100%\"><\/div>\n<\/div>\n\n\n\n<div class=\"wp-block-group\"><div class=\"wp-block-group__inner-container is-layout-flow wp-block-group-is-layout-flow\">\n<div class=\"wp-block-columns is-layout-flex wp-container-core-columns-is-layout-9d6595d7 wp-block-columns-is-layout-flex\">\n<div class=\"wp-block-column is-layout-flow wp-block-column-is-layout-flow\">\n<figure class=\"wp-block-image size-full\"><img fetchpriority=\"high\" decoding=\"async\" width=\"474\" height=\"112\" src=\"https:\/\/ecoplastic3d.com\/bio\/wp-content\/uploads\/2023\/04\/th.jpg\" alt=\"\" class=\"wp-image-2020\" srcset=\"https:\/\/ecoplastic3d.com\/wp-content\/uploads\/2023\/04\/th.jpg 474w, https:\/\/ecoplastic3d.com\/wp-content\/uploads\/2023\/04\/th-300x71.jpg 300w\" sizes=\"(max-width: 474px) 100vw, 474px\" \/><\/figure>\n<\/div>\n\n\n\n<div class=\"wp-block-column is-layout-flow wp-block-column-is-layout-flow\">\n<figure class=\"wp-block-image size-full is-resized\"><img decoding=\"async\" src=\"https:\/\/ecoplastic3d.com\/bio\/wp-content\/uploads\/2023\/04\/medicossinfronteras.jpg\" alt=\"\" class=\"wp-image-2019\" width=\"237\" height=\"114\" srcset=\"https:\/\/ecoplastic3d.com\/wp-content\/uploads\/2023\/04\/medicossinfronteras.jpg 474w, https:\/\/ecoplastic3d.com\/wp-content\/uploads\/2023\/04\/medicossinfronteras-300x144.jpg 300w\" sizes=\"(max-width: 237px) 100vw, 237px\" \/><\/figure>\n<\/div>\n\n\n\n<div class=\"wp-block-column is-layout-flow wp-block-column-is-layout-flow\">\n<figure class=\"wp-block-image size-full is-resized\"><img decoding=\"async\" src=\"https:\/\/ecoplastic3d.com\/bio\/wp-content\/uploads\/2023\/04\/oxfan.jpg\" alt=\"\" class=\"wp-image-2017\" width=\"119\" height=\"136\" srcset=\"https:\/\/ecoplastic3d.com\/wp-content\/uploads\/2023\/04\/oxfan.jpg 474w, https:\/\/ecoplastic3d.com\/wp-content\/uploads\/2023\/04\/oxfan-261x300.jpg 261w\" sizes=\"(max-width: 119px) 100vw, 119px\" \/><\/figure>\n<\/div>\n<\/div>\n<\/div><\/div>\n","protected":false},"excerpt":{"rendered":"","protected":false},"author":1,"featured_media":0,"parent":0,"menu_order":0,"comment_status":"closed","ping_status":"closed","template":"","meta":{"footnotes":""},"class_list":["post-3331","page","type-page","status-publish","hentry"],"yoast_head":"<!-- This site is optimized with the Yoast SEO plugin v26.2 - https:\/\/yoast.com\/wordpress\/plugins\/seo\/ -->\n<title>EMPRESA - ecoplastic3d<\/title>\n<meta name=\"robots\" content=\"index, follow, max-snippet:-1, max-image-preview:large, max-video-preview:-1\" \/>\n<link rel=\"canonical\" href=\"https:\/\/ecoplastic3d.com\/empresa\/\" \/>\n<meta property=\"og:locale\" content=\"pt_PT\" \/>\n<meta property=\"og:type\" content=\"article\" \/>\n<meta property=\"og:title\" content=\"EMPRESA - ecoplastic3d\" \/>\n<meta property=\"og:url\" content=\"https:\/\/ecoplastic3d.com\/empresa\/\" \/>\n<meta property=\"og:site_name\" content=\"ecoplastic3d\" \/>\n<meta property=\"article:modified_time\" content=\"2023-05-18T14:44:34+00:00\" \/>\n<meta property=\"og:image\" content=\"https:\/\/ecoplastic3d.com\/bio\/wp-content\/uploads\/2023\/04\/th.jpg\" \/>\n<meta name=\"twitter:card\" content=\"summary_large_image\" \/>\n<script type=\"application\/ld+json\" class=\"yoast-schema-graph\">{\"@context\":\"https:\/\/schema.org\",\"@graph\":[{\"@type\":\"WebPage\",\"@id\":\"https:\/\/ecoplastic3d.com\/empresa\/\",\"url\":\"https:\/\/ecoplastic3d.com\/empresa\/\",\"name\":\"EMPRESA - ecoplastic3d\",\"isPartOf\":{\"@id\":\"https:\/\/ecoplastic3d.com\/#website\"},\"primaryImageOfPage\":{\"@id\":\"https:\/\/ecoplastic3d.com\/empresa\/#primaryimage\"},\"image\":{\"@id\":\"https:\/\/ecoplastic3d.com\/empresa\/#primaryimage\"},\"thumbnailUrl\":\"https:\/\/ecoplastic3d.com\/bio\/wp-content\/uploads\/2023\/04\/th.jpg\",\"datePublished\":\"2020-04-15T07:13:11+00:00\",\"dateModified\":\"2023-05-18T14:44:34+00:00\",\"breadcrumb\":{\"@id\":\"https:\/\/ecoplastic3d.com\/empresa\/#breadcrumb\"},\"inLanguage\":\"pt-PT\",\"potentialAction\":[{\"@type\":\"ReadAction\",\"target\":[\"https:\/\/ecoplastic3d.com\/empresa\/\"]}]},{\"@type\":\"ImageObject\",\"inLanguage\":\"pt-PT\",\"@id\":\"https:\/\/ecoplastic3d.com\/empresa\/#primaryimage\",\"url\":\"https:\/\/ecoplastic3d.com\/bio\/wp-content\/uploads\/2023\/04\/th.jpg\",\"contentUrl\":\"https:\/\/ecoplastic3d.com\/bio\/wp-content\/uploads\/2023\/04\/th.jpg\"},{\"@type\":\"BreadcrumbList\",\"@id\":\"https:\/\/ecoplastic3d.com\/empresa\/#breadcrumb\",\"itemListElement\":[{\"@type\":\"ListItem\",\"position\":1,\"name\":\"Portada\",\"item\":\"https:\/\/ecoplastic3d.com\/\"},{\"@type\":\"ListItem\",\"position\":2,\"name\":\"EMPRESA\"}]},{\"@type\":\"WebSite\",\"@id\":\"https:\/\/ecoplastic3d.com\/#website\",\"url\":\"https:\/\/ecoplastic3d.com\/\",\"name\":\"ecoplastic3d\",\"description\":\"Biocompostables\",\"publisher\":{\"@id\":\"https:\/\/ecoplastic3d.com\/#organization\"},\"potentialAction\":[{\"@type\":\"SearchAction\",\"target\":{\"@type\":\"EntryPoint\",\"urlTemplate\":\"https:\/\/ecoplastic3d.com\/?s={search_term_string}\"},\"query-input\":{\"@type\":\"PropertyValueSpecification\",\"valueRequired\":true,\"valueName\":\"search_term_string\"}}],\"inLanguage\":\"pt-PT\"},{\"@type\":\"Organization\",\"@id\":\"https:\/\/ecoplastic3d.com\/#organization\",\"name\":\"ecoplastic3d\",\"url\":\"https:\/\/ecoplastic3d.com\/\",\"logo\":{\"@type\":\"ImageObject\",\"inLanguage\":\"pt-PT\",\"@id\":\"https:\/\/ecoplastic3d.com\/#\/schema\/logo\/image\/\",\"url\":\"https:\/\/ecoplastic3d.com\/wp-content\/uploads\/2020\/03\/cropped-log-aa.jpg\",\"contentUrl\":\"https:\/\/ecoplastic3d.com\/wp-content\/uploads\/2020\/03\/cropped-log-aa.jpg\",\"width\":560,\"height\":126,\"caption\":\"ecoplastic3d\"},\"image\":{\"@id\":\"https:\/\/ecoplastic3d.com\/#\/schema\/logo\/image\/\"}}]}<\/script>\n<!-- \/ Yoast SEO plugin. -->","yoast_head_json":{"title":"EMPRESA - ecoplastic3d","robots":{"index":"index","follow":"follow","max-snippet":"max-snippet:-1","max-image-preview":"max-image-preview:large","max-video-preview":"max-video-preview:-1"},"canonical":"https:\/\/ecoplastic3d.com\/empresa\/","og_locale":"pt_PT","og_type":"article","og_title":"EMPRESA - ecoplastic3d","og_url":"https:\/\/ecoplastic3d.com\/empresa\/","og_site_name":"ecoplastic3d","article_modified_time":"2023-05-18T14:44:34+00:00","og_image":[{"url":"https:\/\/ecoplastic3d.com\/bio\/wp-content\/uploads\/2023\/04\/th.jpg","type":"","width":"","height":""}],"twitter_card":"summary_large_image","schema":{"@context":"https:\/\/schema.org","@graph":[{"@type":"WebPage","@id":"https:\/\/ecoplastic3d.com\/empresa\/","url":"https:\/\/ecoplastic3d.com\/empresa\/","name":"EMPRESA - ecoplastic3d","isPartOf":{"@id":"https:\/\/ecoplastic3d.com\/#website"},"primaryImageOfPage":{"@id":"https:\/\/ecoplastic3d.com\/empresa\/#primaryimage"},"image":{"@id":"https:\/\/ecoplastic3d.com\/empresa\/#primaryimage"},"thumbnailUrl":"https:\/\/ecoplastic3d.com\/bio\/wp-content\/uploads\/2023\/04\/th.jpg","datePublished":"2020-04-15T07:13:11+00:00","dateModified":"2023-05-18T14:44:34+00:00","breadcrumb":{"@id":"https:\/\/ecoplastic3d.com\/empresa\/#breadcrumb"},"inLanguage":"pt-PT","potentialAction":[{"@type":"ReadAction","target":["https:\/\/ecoplastic3d.com\/empresa\/"]}]},{"@type":"ImageObject","inLanguage":"pt-PT","@id":"https:\/\/ecoplastic3d.com\/empresa\/#primaryimage","url":"https:\/\/ecoplastic3d.com\/bio\/wp-content\/uploads\/2023\/04\/th.jpg","contentUrl":"https:\/\/ecoplastic3d.com\/bio\/wp-content\/uploads\/2023\/04\/th.jpg"},{"@type":"BreadcrumbList","@id":"https:\/\/ecoplastic3d.com\/empresa\/#breadcrumb","itemListElement":[{"@type":"ListItem","position":1,"name":"Portada","item":"https:\/\/ecoplastic3d.com\/"},{"@type":"ListItem","position":2,"name":"EMPRESA"}]},{"@type":"WebSite","@id":"https:\/\/ecoplastic3d.com\/#website","url":"https:\/\/ecoplastic3d.com\/","name":"ecoplastic3d","description":"Biocompostables","publisher":{"@id":"https:\/\/ecoplastic3d.com\/#organization"},"potentialAction":[{"@type":"SearchAction","target":{"@type":"EntryPoint","urlTemplate":"https:\/\/ecoplastic3d.com\/?s={search_term_string}"},"query-input":{"@type":"PropertyValueSpecification","valueRequired":true,"valueName":"search_term_string"}}],"inLanguage":"pt-PT"},{"@type":"Organization","@id":"https:\/\/ecoplastic3d.com\/#organization","name":"ecoplastic3d","url":"https:\/\/ecoplastic3d.com\/","logo":{"@type":"ImageObject","inLanguage":"pt-PT","@id":"https:\/\/ecoplastic3d.com\/#\/schema\/logo\/image\/","url":"https:\/\/ecoplastic3d.com\/wp-content\/uploads\/2020\/03\/cropped-log-aa.jpg","contentUrl":"https:\/\/ecoplastic3d.com\/wp-content\/uploads\/2020\/03\/cropped-log-aa.jpg","width":560,"height":126,"caption":"ecoplastic3d"},"image":{"@id":"https:\/\/ecoplastic3d.com\/#\/schema\/logo\/image\/"}}]}},"rttpg_featured_image_url":null,"rttpg_author":{"display_name":"Administrador","author_link":"https:\/\/ecoplastic3d.com\/pt-pt\/author\/administrador\/"},"rttpg_comment":0,"rttpg_category":null,"rttpg_excerpt":null,"_links":{"self":[{"href":"https:\/\/ecoplastic3d.com\/pt-pt\/wp-json\/wp\/v2\/pages\/3331","targetHints":{"allow":["GET"]}}],"collection":[{"href":"https:\/\/ecoplastic3d.com\/pt-pt\/wp-json\/wp\/v2\/pages"}],"about":[{"href":"https:\/\/ecoplastic3d.com\/pt-pt\/wp-json\/wp\/v2\/types\/page"}],"author":[{"embeddable":true,"href":"https:\/\/ecoplastic3d.com\/pt-pt\/wp-json\/wp\/v2\/users\/1"}],"replies":[{"embeddable":true,"href":"https:\/\/ecoplastic3d.com\/pt-pt\/wp-json\/wp\/v2\/comments?post=3331"}],"version-history":[{"count":4,"href":"https:\/\/ecoplastic3d.com\/pt-pt\/wp-json\/wp\/v2\/pages\/3331\/revisions"}],"predecessor-version":[{"id":3881,"href":"https:\/\/ecoplastic3d.com\/pt-pt\/wp-json\/wp\/v2\/pages\/3331\/revisions\/3881"}],"wp:attachment":[{"href":"https:\/\/ecoplastic3d.com\/pt-pt\/wp-json\/wp\/v2\/media?parent=3331"}],"curies":[{"name":"wp","href":"https:\/\/api.w.org\/{rel}","templated":true}]}}