{"id":3380,"date":"2023-03-15T08:58:49","date_gmt":"2023-03-15T08:58:49","guid":{"rendered":"https:\/\/ecoplastic3d.com\/bio\/impresiones-3d-2\/"},"modified":"2023-11-13T12:18:51","modified_gmt":"2023-11-13T12:18:51","slug":"impresiones-3d-2","status":"publish","type":"page","link":"https:\/\/ecoplastic3d.com\/fr\/impresiones-3d-2\/","title":{"rendered":"IMPRESSION 3D"},"content":{"rendered":"<h3 style=\"text-align: center;\">PROTOTYPAGE ET FABRICATION PAR IMPRESSION 3D<\/h3>\n<p><img fetchpriority=\"high\" decoding=\"async\" class=\"wp-image-1656 aligncenter\" src=\"https:\/\/ecoplastic3d.com\/wp-content\/uploads\/2021\/11\/shutterstock_1591912405-300x188.jpg\" alt=\"\" width=\"963\" height=\"603\" srcset=\"https:\/\/ecoplastic3d.com\/wp-content\/uploads\/2021\/11\/shutterstock_1591912405-300x188.jpg 300w, https:\/\/ecoplastic3d.com\/wp-content\/uploads\/2021\/11\/shutterstock_1591912405-1024x640.jpg 1024w, https:\/\/ecoplastic3d.com\/wp-content\/uploads\/2021\/11\/shutterstock_1591912405-768x480.jpg 768w, https:\/\/ecoplastic3d.com\/wp-content\/uploads\/2021\/11\/shutterstock_1591912405-1536x960.jpg 1536w, https:\/\/ecoplastic3d.com\/wp-content\/uploads\/2021\/11\/shutterstock_1591912405-2048x1280.jpg 2048w, https:\/\/ecoplastic3d.com\/wp-content\/uploads\/2021\/11\/shutterstock_1591912405-1728x1080.jpg 1728w\" sizes=\"(max-width: 963px) 100vw, 963px\" \/><\/p>\n<h3 style=\"text-align: center;\"><\/h3>\n<h3 id=\"subtitle-proto\" style=\"text-align: center;\">PHOTOPOLYM\u00c9RISATION \/ ST\u00c9R\u00c9OLITHOGRAPHIE<\/h3>\n<p style=\"text-align: center;\"><img decoding=\"async\" class=\"alignnone  wp-image-1562\" src=\"https:\/\/ecoplastic3d.com\/wp-content\/uploads\/2021\/09\/1-fotopolimerizacion-e1678188442412-300x200.jpg\" alt=\"\" width=\"848\" height=\"565\" srcset=\"https:\/\/ecoplastic3d.com\/wp-content\/uploads\/2021\/09\/1-fotopolimerizacion-e1678188442412-300x200.jpg 300w, https:\/\/ecoplastic3d.com\/wp-content\/uploads\/2021\/09\/1-fotopolimerizacion-e1678188442412-768x512.jpg 768w, https:\/\/ecoplastic3d.com\/wp-content\/uploads\/2021\/09\/1-fotopolimerizacion-e1678188442412-272x182.jpg 272w, https:\/\/ecoplastic3d.com\/wp-content\/uploads\/2021\/09\/1-fotopolimerizacion-e1678188442412.jpg 1000w\" sizes=\"(max-width: 848px) 100vw, 848px\" \/><\/p>\n<p style=\"text-align: center;\"><img decoding=\"async\" class=\"alignnone  wp-image-1564\" src=\"https:\/\/ecoplastic3d.com\/wp-content\/uploads\/2021\/09\/2-fotopolimerizacion-1000-300x225.jpg\" alt=\"\" width=\"1109\" height=\"831\" srcset=\"https:\/\/ecoplastic3d.com\/wp-content\/uploads\/2021\/09\/2-fotopolimerizacion-1000-300x225.jpg 300w, https:\/\/ecoplastic3d.com\/wp-content\/uploads\/2021\/09\/2-fotopolimerizacion-1000-768x576.jpg 768w, https:\/\/ecoplastic3d.com\/wp-content\/uploads\/2021\/09\/2-fotopolimerizacion-1000.jpg 1000w\" sizes=\"(max-width: 1109px) 100vw, 1109px\" \/><\/p>\n<h3 style=\"text-align: center;\">EXTRUSION DE MAT\u00c9RIAUX (FDM)<\/h3>\n<p style=\"text-align: center;\"><img loading=\"lazy\" decoding=\"async\" class=\"alignnone  wp-image-1565\" src=\"https:\/\/ecoplastic3d.com\/wp-content\/uploads\/2021\/09\/3-FDM-300x200.jpg\" alt=\"\" width=\"1110\" height=\"740\" srcset=\"https:\/\/ecoplastic3d.com\/wp-content\/uploads\/2021\/09\/3-FDM-300x200.jpg 300w, https:\/\/ecoplastic3d.com\/wp-content\/uploads\/2021\/09\/3-FDM-768x513.jpg 768w, https:\/\/ecoplastic3d.com\/wp-content\/uploads\/2021\/09\/3-FDM-272x182.jpg 272w, https:\/\/ecoplastic3d.com\/wp-content\/uploads\/2021\/09\/3-FDM.jpg 1000w\" sizes=\"(max-width: 1110px) 100vw, 1110px\" \/><\/p>\n<p><img loading=\"lazy\" decoding=\"async\" class=\"alignnone  wp-image-1566 aligncenter\" src=\"https:\/\/ecoplastic3d.com\/wp-content\/uploads\/2021\/09\/4-FDM-300x200.jpg\" alt=\"\" width=\"1112\" height=\"741\" srcset=\"https:\/\/ecoplastic3d.com\/wp-content\/uploads\/2021\/09\/4-FDM-300x200.jpg 300w, https:\/\/ecoplastic3d.com\/wp-content\/uploads\/2021\/09\/4-FDM-768x512.jpg 768w, https:\/\/ecoplastic3d.com\/wp-content\/uploads\/2021\/09\/4-FDM-272x182.jpg 272w, https:\/\/ecoplastic3d.com\/wp-content\/uploads\/2021\/09\/4-FDM.jpg 1000w\" sizes=\"(max-width: 1112px) 100vw, 1112px\" \/><\/p>\n<h3 style=\"text-align: center;\">PROJECTION DE MAT\u00c9RIAUX<\/h3>\n<p style=\"text-align: center;\"><img loading=\"lazy\" decoding=\"async\" class=\"alignnone  wp-image-1567\" src=\"https:\/\/ecoplastic3d.com\/wp-content\/uploads\/2021\/09\/5-Material-Jetting-300x200.jpg\" alt=\"\" width=\"1110\" height=\"740\" srcset=\"https:\/\/ecoplastic3d.com\/wp-content\/uploads\/2021\/09\/5-Material-Jetting-300x200.jpg 300w, https:\/\/ecoplastic3d.com\/wp-content\/uploads\/2021\/09\/5-Material-Jetting-768x512.jpg 768w, https:\/\/ecoplastic3d.com\/wp-content\/uploads\/2021\/09\/5-Material-Jetting-272x182.jpg 272w, https:\/\/ecoplastic3d.com\/wp-content\/uploads\/2021\/09\/5-Material-Jetting.jpg 1000w\" sizes=\"(max-width: 1110px) 100vw, 1110px\" \/><\/p>\n<h3 style=\"text-align: center;\">FRITTAGE<\/h3>\n","protected":false},"excerpt":{"rendered":"<p>PROTOTYPAGE ET FABRICATION PAR IMPRESSION 3D PHOTOPOLYM\u00c9RISATION \/ ST\u00c9R\u00c9OLITHOGRAPHIE EXTRUSION DE MAT\u00c9RIAUX (FDM) PROJECTION DE MAT\u00c9RIAUX FRITTAGE<\/p>\n","protected":false},"author":1,"featured_media":0,"parent":0,"menu_order":0,"comment_status":"closed","ping_status":"closed","template":"","meta":{"footnotes":""},"class_list":["post-3380","page","type-page","status-publish","hentry"],"yoast_head":"<!-- This site is optimized with the Yoast SEO plugin v26.2 - https:\/\/yoast.com\/wordpress\/plugins\/seo\/ -->\n<title>IMPRESSION 3D - ecoplastic3d<\/title>\n<meta name=\"robots\" content=\"index, follow, max-snippet:-1, max-image-preview:large, max-video-preview:-1\" \/>\n<link rel=\"canonical\" href=\"https:\/\/ecoplastic3d.com\/impresiones-3d-2\/\" \/>\n<meta property=\"og:locale\" content=\"fr_FR\" \/>\n<meta property=\"og:type\" content=\"article\" \/>\n<meta property=\"og:title\" content=\"IMPRESSION 3D - ecoplastic3d\" \/>\n<meta property=\"og:description\" content=\"PROTOTYPAGE ET FABRICATION PAR IMPRESSION 3D PHOTOPOLYM\u00c9RISATION \/ ST\u00c9R\u00c9OLITHOGRAPHIE EXTRUSION DE MAT\u00c9RIAUX (FDM) PROJECTION DE MAT\u00c9RIAUX FRITTAGE\" \/>\n<meta property=\"og:url\" content=\"https:\/\/ecoplastic3d.com\/impresiones-3d-2\/\" \/>\n<meta property=\"og:site_name\" content=\"ecoplastic3d\" \/>\n<meta property=\"article:modified_time\" content=\"2023-11-13T12:18:51+00:00\" \/>\n<meta property=\"og:image\" content=\"https:\/\/ecoplastic3d.com\/wp-content\/uploads\/2021\/11\/shutterstock_1591912405-300x188.jpg\" \/>\n<meta name=\"twitter:card\" content=\"summary_large_image\" \/>\n<script type=\"application\/ld+json\" class=\"yoast-schema-graph\">{\"@context\":\"https:\/\/schema.org\",\"@graph\":[{\"@type\":\"WebPage\",\"@id\":\"https:\/\/ecoplastic3d.com\/impresiones-3d-2\/\",\"url\":\"https:\/\/ecoplastic3d.com\/impresiones-3d-2\/\",\"name\":\"IMPRESSION 3D - ecoplastic3d\",\"isPartOf\":{\"@id\":\"https:\/\/ecoplastic3d.com\/#website\"},\"primaryImageOfPage\":{\"@id\":\"https:\/\/ecoplastic3d.com\/impresiones-3d-2\/#primaryimage\"},\"image\":{\"@id\":\"https:\/\/ecoplastic3d.com\/impresiones-3d-2\/#primaryimage\"},\"thumbnailUrl\":\"https:\/\/ecoplastic3d.com\/wp-content\/uploads\/2021\/11\/shutterstock_1591912405-300x188.jpg\",\"datePublished\":\"2023-03-15T08:58:49+00:00\",\"dateModified\":\"2023-11-13T12:18:51+00:00\",\"breadcrumb\":{\"@id\":\"https:\/\/ecoplastic3d.com\/impresiones-3d-2\/#breadcrumb\"},\"inLanguage\":\"fr-FR\",\"potentialAction\":[{\"@type\":\"ReadAction\",\"target\":[\"https:\/\/ecoplastic3d.com\/impresiones-3d-2\/\"]}]},{\"@type\":\"ImageObject\",\"inLanguage\":\"fr-FR\",\"@id\":\"https:\/\/ecoplastic3d.com\/impresiones-3d-2\/#primaryimage\",\"url\":\"https:\/\/ecoplastic3d.com\/wp-content\/uploads\/2021\/11\/shutterstock_1591912405-300x188.jpg\",\"contentUrl\":\"https:\/\/ecoplastic3d.com\/wp-content\/uploads\/2021\/11\/shutterstock_1591912405-300x188.jpg\"},{\"@type\":\"BreadcrumbList\",\"@id\":\"https:\/\/ecoplastic3d.com\/impresiones-3d-2\/#breadcrumb\",\"itemListElement\":[{\"@type\":\"ListItem\",\"position\":1,\"name\":\"Portada\",\"item\":\"https:\/\/ecoplastic3d.com\/\"},{\"@type\":\"ListItem\",\"position\":2,\"name\":\"IMPRESSION 3D\"}]},{\"@type\":\"WebSite\",\"@id\":\"https:\/\/ecoplastic3d.com\/#website\",\"url\":\"https:\/\/ecoplastic3d.com\/\",\"name\":\"ecoplastic3d\",\"description\":\"Biocompostables\",\"publisher\":{\"@id\":\"https:\/\/ecoplastic3d.com\/#organization\"},\"potentialAction\":[{\"@type\":\"SearchAction\",\"target\":{\"@type\":\"EntryPoint\",\"urlTemplate\":\"https:\/\/ecoplastic3d.com\/?s={search_term_string}\"},\"query-input\":{\"@type\":\"PropertyValueSpecification\",\"valueRequired\":true,\"valueName\":\"search_term_string\"}}],\"inLanguage\":\"fr-FR\"},{\"@type\":\"Organization\",\"@id\":\"https:\/\/ecoplastic3d.com\/#organization\",\"name\":\"ecoplastic3d\",\"url\":\"https:\/\/ecoplastic3d.com\/\",\"logo\":{\"@type\":\"ImageObject\",\"inLanguage\":\"fr-FR\",\"@id\":\"https:\/\/ecoplastic3d.com\/#\/schema\/logo\/image\/\",\"url\":\"https:\/\/ecoplastic3d.com\/wp-content\/uploads\/2020\/03\/cropped-log-aa.jpg\",\"contentUrl\":\"https:\/\/ecoplastic3d.com\/wp-content\/uploads\/2020\/03\/cropped-log-aa.jpg\",\"width\":560,\"height\":126,\"caption\":\"ecoplastic3d\"},\"image\":{\"@id\":\"https:\/\/ecoplastic3d.com\/#\/schema\/logo\/image\/\"}}]}<\/script>\n<!-- \/ Yoast SEO plugin. -->","yoast_head_json":{"title":"IMPRESSION 3D - ecoplastic3d","robots":{"index":"index","follow":"follow","max-snippet":"max-snippet:-1","max-image-preview":"max-image-preview:large","max-video-preview":"max-video-preview:-1"},"canonical":"https:\/\/ecoplastic3d.com\/impresiones-3d-2\/","og_locale":"fr_FR","og_type":"article","og_title":"IMPRESSION 3D - ecoplastic3d","og_description":"PROTOTYPAGE ET FABRICATION PAR IMPRESSION 3D PHOTOPOLYM\u00c9RISATION \/ ST\u00c9R\u00c9OLITHOGRAPHIE EXTRUSION DE MAT\u00c9RIAUX (FDM) PROJECTION DE MAT\u00c9RIAUX FRITTAGE","og_url":"https:\/\/ecoplastic3d.com\/impresiones-3d-2\/","og_site_name":"ecoplastic3d","article_modified_time":"2023-11-13T12:18:51+00:00","og_image":[{"url":"https:\/\/ecoplastic3d.com\/wp-content\/uploads\/2021\/11\/shutterstock_1591912405-300x188.jpg","type":"","width":"","height":""}],"twitter_card":"summary_large_image","schema":{"@context":"https:\/\/schema.org","@graph":[{"@type":"WebPage","@id":"https:\/\/ecoplastic3d.com\/impresiones-3d-2\/","url":"https:\/\/ecoplastic3d.com\/impresiones-3d-2\/","name":"IMPRESSION 3D - ecoplastic3d","isPartOf":{"@id":"https:\/\/ecoplastic3d.com\/#website"},"primaryImageOfPage":{"@id":"https:\/\/ecoplastic3d.com\/impresiones-3d-2\/#primaryimage"},"image":{"@id":"https:\/\/ecoplastic3d.com\/impresiones-3d-2\/#primaryimage"},"thumbnailUrl":"https:\/\/ecoplastic3d.com\/wp-content\/uploads\/2021\/11\/shutterstock_1591912405-300x188.jpg","datePublished":"2023-03-15T08:58:49+00:00","dateModified":"2023-11-13T12:18:51+00:00","breadcrumb":{"@id":"https:\/\/ecoplastic3d.com\/impresiones-3d-2\/#breadcrumb"},"inLanguage":"fr-FR","potentialAction":[{"@type":"ReadAction","target":["https:\/\/ecoplastic3d.com\/impresiones-3d-2\/"]}]},{"@type":"ImageObject","inLanguage":"fr-FR","@id":"https:\/\/ecoplastic3d.com\/impresiones-3d-2\/#primaryimage","url":"https:\/\/ecoplastic3d.com\/wp-content\/uploads\/2021\/11\/shutterstock_1591912405-300x188.jpg","contentUrl":"https:\/\/ecoplastic3d.com\/wp-content\/uploads\/2021\/11\/shutterstock_1591912405-300x188.jpg"},{"@type":"BreadcrumbList","@id":"https:\/\/ecoplastic3d.com\/impresiones-3d-2\/#breadcrumb","itemListElement":[{"@type":"ListItem","position":1,"name":"Portada","item":"https:\/\/ecoplastic3d.com\/"},{"@type":"ListItem","position":2,"name":"IMPRESSION 3D"}]},{"@type":"WebSite","@id":"https:\/\/ecoplastic3d.com\/#website","url":"https:\/\/ecoplastic3d.com\/","name":"ecoplastic3d","description":"Biocompostables","publisher":{"@id":"https:\/\/ecoplastic3d.com\/#organization"},"potentialAction":[{"@type":"SearchAction","target":{"@type":"EntryPoint","urlTemplate":"https:\/\/ecoplastic3d.com\/?s={search_term_string}"},"query-input":{"@type":"PropertyValueSpecification","valueRequired":true,"valueName":"search_term_string"}}],"inLanguage":"fr-FR"},{"@type":"Organization","@id":"https:\/\/ecoplastic3d.com\/#organization","name":"ecoplastic3d","url":"https:\/\/ecoplastic3d.com\/","logo":{"@type":"ImageObject","inLanguage":"fr-FR","@id":"https:\/\/ecoplastic3d.com\/#\/schema\/logo\/image\/","url":"https:\/\/ecoplastic3d.com\/wp-content\/uploads\/2020\/03\/cropped-log-aa.jpg","contentUrl":"https:\/\/ecoplastic3d.com\/wp-content\/uploads\/2020\/03\/cropped-log-aa.jpg","width":560,"height":126,"caption":"ecoplastic3d"},"image":{"@id":"https:\/\/ecoplastic3d.com\/#\/schema\/logo\/image\/"}}]}},"rttpg_featured_image_url":null,"rttpg_author":{"display_name":"Administrador","author_link":"https:\/\/ecoplastic3d.com\/fr\/author\/administrador\/"},"rttpg_comment":0,"rttpg_category":null,"rttpg_excerpt":"PROTOTYPAGE ET FABRICATION PAR IMPRESSION 3D PHOTOPOLYM\u00c9RISATION \/ ST\u00c9R\u00c9OLITHOGRAPHIE EXTRUSION DE MAT\u00c9RIAUX (FDM) PROJECTION DE MAT\u00c9RIAUX FRITTAGE","_links":{"self":[{"href":"https:\/\/ecoplastic3d.com\/fr\/wp-json\/wp\/v2\/pages\/3380","targetHints":{"allow":["GET"]}}],"collection":[{"href":"https:\/\/ecoplastic3d.com\/fr\/wp-json\/wp\/v2\/pages"}],"about":[{"href":"https:\/\/ecoplastic3d.com\/fr\/wp-json\/wp\/v2\/types\/page"}],"author":[{"embeddable":true,"href":"https:\/\/ecoplastic3d.com\/fr\/wp-json\/wp\/v2\/users\/1"}],"replies":[{"embeddable":true,"href":"https:\/\/ecoplastic3d.com\/fr\/wp-json\/wp\/v2\/comments?post=3380"}],"version-history":[{"count":2,"href":"https:\/\/ecoplastic3d.com\/fr\/wp-json\/wp\/v2\/pages\/3380\/revisions"}],"predecessor-version":[{"id":3979,"href":"https:\/\/ecoplastic3d.com\/fr\/wp-json\/wp\/v2\/pages\/3380\/revisions\/3979"}],"wp:attachment":[{"href":"https:\/\/ecoplastic3d.com\/fr\/wp-json\/wp\/v2\/media?parent=3380"}],"curies":[{"name":"wp","href":"https:\/\/api.w.org\/{rel}","templated":true}]}}